{"id":5331,"date":"2023-02-16T16:03:38","date_gmt":"2023-02-16T19:03:38","guid":{"rendered":"https:\/\/stal.qodeinteractive.com\/?page_id=2"},"modified":"2026-03-30T09:30:15","modified_gmt":"2026-03-30T12:30:15","slug":"informacoes-anp","status":"publish","type":"page","link":"https:\/\/tecab.srv.br\/?page_id=5331","title":{"rendered":"Informa\u00e7\u00f5es ANP"},"content":{"rendered":"\t\t<div data-elementor-type=\"wp-page\" data-elementor-id=\"5331\" class=\"elementor elementor-5331\">\n\t\t\t\t\t\t\t\t\t<section class=\"elementor-section elementor-top-section elementor-element elementor-element-f832af7 elementor-section-boxed elementor-section-height-default elementor-section-height-default qodef-elementor-content-no\" data-id=\"f832af7\" data-element_type=\"section\">\n\t\t\t\t\t\t<div class=\"elementor-container elementor-column-gap-default\">\n\t\t\t\t\t<div class=\"elementor-column elementor-col-100 elementor-top-column elementor-element elementor-element-106e406\" data-id=\"106e406\" data-element_type=\"column\">\n\t\t\t<div class=\"elementor-widget-wrap\">\n\t\t\t\t\t\t\t\t\t<\/div>\n\t\t<\/div>\n\t\t\t\t\t\t\t<\/div>\n\t\t<\/section>\n\t\t\t\t<section class=\"elementor-section elementor-top-section elementor-element elementor-element-3144526 elementor-section-boxed elementor-section-height-default elementor-section-height-default qodef-elementor-content-no\" data-id=\"3144526\" data-element_type=\"section\">\n\t\t\t\t\t\t<div class=\"elementor-container elementor-column-gap-default\">\n\t\t\t\t\t<div class=\"elementor-column elementor-col-100 elementor-top-column elementor-element elementor-element-14564fa\" data-id=\"14564fa\" data-element_type=\"column\">\n\t\t\t<div class=\"elementor-widget-wrap elementor-element-populated\">\n\t\t\t\t\t\t\t\t<div class=\"elementor-element elementor-element-fd06c26 elementor-widget elementor-widget-qi_addons_for_elementor_separator\" data-id=\"fd06c26\" data-element_type=\"widget\" data-widget_type=\"qi_addons_for_elementor_separator.default\">\n\t\t\t\t<div class=\"elementor-widget-container\">\n\t\t\t<div class=\"qodef-shortcode qodef-m  qodef-qi-separator qodef-qi-clear qodef-separator--standard \">\n\t<div class=\"qodef-m-line\"><\/div>\n<\/div>\n\t\t<\/div>\n\t\t\t\t<\/div>\n\t\t\t\t<div class=\"elementor-element elementor-element-ead8871 elementor-widget elementor-widget-qi_addons_for_elementor_accordion\" data-id=\"ead8871\" data-element_type=\"widget\" data-widget_type=\"qi_addons_for_elementor_accordion.default\">\n\t\t\t\t<div class=\"elementor-widget-container\">\n\t\t\t<div class=\"qodef-shortcode qodef-m  qodef-qi-accordion qodef-qi-clear qodef-behavior--toggle qodef-layout--simple qodef-style--standard \">\n\t<h4 class=\"qodef-e-title-holder\">\n\t<span class=\"qodef-e-title\">Condi\u00e7\u00f5es Gerais de Servi\u00e7o do Terminal<\/span>\n\t<span class=\"qodef-e-mark\">\n\t\t<span class=\"qodef-icon--plus\">\n\t\t\t\t<span class=\"qodef-e-icon\">\n\t\t<i aria-hidden=\"true\" class=\"fas fa-plus\"><\/i>\t<\/span>\n\t\t\t<\/span>\n\t\t<span class=\"qodef-icon--minus\">\n\t\t\t\t<span class=\"qodef-e-icon\">\n\t\t<i aria-hidden=\"true\" class=\"fas fa-minus\"><\/i>\t<\/span>\n\t\t\t<\/span>\n\t<\/span>\n<\/h4>\n<div class=\"qodef-e-content\">\n\t<div class=\"qodef-e-content-inner\">\n\t\t<p>            <div class=\"embedpress-document-embed ose-document ep-doc-d7fcf3f3b136871a304a78937b86779c\" style=\"width: 1000pxpx;height: 1000px; max-width:100%; display: block\">\n                                        <iframe title=\"Condi\u00e7\u00f5es Gerais de Servi\u00e7o do Terminal\" allowfullscreen=\"true\" mozallowfullscreen=\"true\" webkitallowfullscreen=\"true\" title=\"\" style=\"width: 1000pxpx;height: 1000px; max-width:100%; display: inline-block\" data-emsrc=\"https:\/\/tecab.srv.br\/wp-content\/uploads\/2026\/03\/Condicoes-Gerais-de-Servico-do-Terminal.pdf\" data-emid=\"embedpress-pdf-shortcode\" class=\"embedpress-embed-document-pdf embedpress-pdf-shortcode\" src=\"https:\/\/tecab.srv.br\/wp-content\/plugins\/embedpress\/assets\/pdf\/web\/viewer.html?file=https%3A%2F%2Ftecab.srv.br%2Fwp-content%2Fuploads%2F2026%2F03%2FCondicoes-Gerais-de-Servico-do-Terminal.pdf#themeMode=default&amp;toolbar=true&amp;position=top&amp;presentation=true&amp;download=true&amp;copy_text=true&amp;add_text=true&amp;draw=true&amp;doc_rotation=true&amp;doc_details=true\" frameborder=\"0\"><\/iframe>\n                                <\/div>\n\n    <\/p>\t<\/div>\n<\/div>\n<h4 class=\"qodef-e-title-holder\">\n\t<span class=\"qodef-e-title\">Remunera\u00e7\u00e3o de Refer\u00eancia<\/span>\n\t<span class=\"qodef-e-mark\">\n\t\t<span class=\"qodef-icon--plus\">\n\t\t\t\t<span class=\"qodef-e-icon\">\n\t\t<i aria-hidden=\"true\" class=\"fas fa-plus\"><\/i>\t<\/span>\n\t\t\t<\/span>\n\t\t<span class=\"qodef-icon--minus\">\n\t\t\t\t<span class=\"qodef-e-icon\">\n\t\t<i aria-hidden=\"true\" class=\"fas fa-minus\"><\/i>\t<\/span>\n\t\t\t<\/span>\n\t<\/span>\n<\/h4>\n<div class=\"qodef-e-content\">\n\t<div class=\"qodef-e-content-inner\">\n\t\t<p>            <div class=\"embedpress-document-embed ose-document ep-doc-d7fcf3f3b136871a304a78937b86779c\" style=\"width: 1000pxpx;height: 1000px; max-width:100%; display: block\">\n                                        <iframe title=\"Remunera\u00e7\u00e3o de Refer\u00eancia\" allowfullscreen=\"true\" mozallowfullscreen=\"true\" webkitallowfullscreen=\"true\" title=\"\" style=\"width: 1000pxpx;height: 1000px; max-width:100%; display: inline-block\" data-emsrc=\"https:\/\/tecab.srv.br\/wp-content\/uploads\/2026\/03\/Remuneracao-de-Referencia.pdf\" data-emid=\"embedpress-pdf-shortcode\" class=\"embedpress-embed-document-pdf embedpress-pdf-shortcode\" src=\"https:\/\/tecab.srv.br\/wp-content\/plugins\/embedpress\/assets\/pdf\/web\/viewer.html?file=https%3A%2F%2Ftecab.srv.br%2Fwp-content%2Fuploads%2F2026%2F03%2FRemuneracao-de-Referencia.pdf#themeMode=default&amp;toolbar=true&amp;position=top&amp;presentation=true&amp;download=true&amp;copy_text=true&amp;add_text=true&amp;draw=true&amp;doc_rotation=true&amp;doc_details=true\" frameborder=\"0\"><\/iframe>\n                                <\/div>\n\n    <\/p>\t<\/div>\n<\/div>\n<h4 class=\"qodef-e-title-holder\">\n\t<span class=\"qodef-e-title\">Capacidade M\u00e1xima de Movimenta\u00e7\u00e3o<\/span>\n\t<span class=\"qodef-e-mark\">\n\t\t<span class=\"qodef-icon--plus\">\n\t\t\t\t<span class=\"qodef-e-icon\">\n\t\t<i aria-hidden=\"true\" class=\"fas fa-plus\"><\/i>\t<\/span>\n\t\t\t<\/span>\n\t\t<span class=\"qodef-icon--minus\">\n\t\t\t\t<span class=\"qodef-e-icon\">\n\t\t<i aria-hidden=\"true\" class=\"fas fa-minus\"><\/i>\t<\/span>\n\t\t\t<\/span>\n\t<\/span>\n<\/h4>\n<div class=\"qodef-e-content\">\n\t<div class=\"qodef-e-content-inner\">\n\t\t<p>            <div class=\"embedpress-document-embed ose-document ep-doc-d7fcf3f3b136871a304a78937b86779c\" style=\"width: 1000pxpx;height: 1000px; max-width:100%; display: block\">\n                                        <iframe title=\"Capacidade M\u00e1xima de Movimenta\u00e7\u00e3o\" allowfullscreen=\"true\" mozallowfullscreen=\"true\" webkitallowfullscreen=\"true\" title=\"\" style=\"width: 1000pxpx;height: 1000px; max-width:100%; display: inline-block\" data-emsrc=\"https:\/\/tecab.srv.br\/wp-content\/uploads\/2026\/03\/Capacidade-Maxima-de-Movimentacao.pdf\" data-emid=\"embedpress-pdf-shortcode\" class=\"embedpress-embed-document-pdf embedpress-pdf-shortcode\" src=\"https:\/\/tecab.srv.br\/wp-content\/plugins\/embedpress\/assets\/pdf\/web\/viewer.html?file=https%3A%2F%2Ftecab.srv.br%2Fwp-content%2Fuploads%2F2026%2F03%2FCapacidade-Maxima-de-Movimentacao.pdf#themeMode=default&amp;toolbar=true&amp;position=top&amp;presentation=true&amp;download=true&amp;copy_text=true&amp;add_text=true&amp;draw=true&amp;doc_rotation=true&amp;doc_details=true\" frameborder=\"0\"><\/iframe>\n                                <\/div>\n\n    <\/p>\t<\/div>\n<\/div>\n<\/div>\n\t\t<\/div>\n\t\t\t\t<\/div>\n\t\t\t\t<div class=\"elementor-element elementor-element-b5149f4 elementor-widget elementor-widget-qi_addons_for_elementor_section_title\" data-id=\"b5149f4\" data-element_type=\"widget\" data-widget_type=\"qi_addons_for_elementor_section_title.default\">\n\t\t\t\t<div class=\"elementor-widget-container\">\n\t\t\t<div class=\"qodef-shortcode qodef-m  qodef-qi-section-title  qodef-decoration--italic  qodef-link--underline-draw qodef-subtitle-icon--left\">\n\t\t\t\t\t\t<h2 class=\"qodef-m-title\">\n\t\tDocumentos\t<\/h2>\n\t\t\t<\/div>\n\t\t<\/div>\n\t\t\t\t<\/div>\n\t\t\t\t<div class=\"elementor-element elementor-element-a23f866 elementor-widget elementor-widget-html\" data-id=\"a23f866\" data-element_type=\"widget\" data-widget_type=\"html.default\">\n\t\t\t\t<div class=\"elementor-widget-container\">\n\t\t\t\r\n<style>\r\n.botao-download1 {\r\n  background-color: #0f0ade;\r\n  border: none;\r\n  color: white;\r\n  padding: 8px 10px;\r\n  text-align: center;\r\n  text-decoration: none;\r\n  display: inline-block;\r\n  font-size: 16px;\r\n  margin: 2px 2px;\r\n  cursor: pointer;\r\n}\r\n<\/style>\r\n\r\n<a href=\"http:\/\/tecab.srv.br\/wp-content\/uploads\/2026\/03\/Solicitacao-de-Servico.docx\" download class=\"botao-download1\"><button class=\"botao-download1\">F.GC.08 (Solicita\u00e7\u00e3o de Servi\u00e7o) BLO<\/button><\/a>\r\n\r\n\t\t<\/div>\n\t\t\t\t<\/div>\n\t\t\t\t<div class=\"elementor-element elementor-element-e9a8a5c elementor-widget elementor-widget-html\" data-id=\"e9a8a5c\" data-element_type=\"widget\" data-widget_type=\"html.default\">\n\t\t\t\t<div class=\"elementor-widget-container\">\n\t\t\t\r\n<style>\r\n.botao-download1 {\r\n  background-color: #0f0ade;\r\n  border: none;\r\n  color: white;\r\n  padding: 8px 10px;\r\n  text-align: center;\r\n  text-decoration: none;\r\n  display: inline-block;\r\n  font-size: 16px;\r\n  margin: 2px 2px;\r\n  cursor: pointer;\r\n}\r\n<\/style>\r\n\r\n<a href=\"http:\/\/tecab.srv.br\/wp-content\/uploads\/2026\/03\/Negativa-de-Acesso.docx\" download class=\"botao-download1\"><button class=\"botao-download1\">F.GC.09 (Negativa de Acesso) BLO\u200e \u200e \u200e \u200e <\/button><\/a>\r\n\r\n\t\t<\/div>\n\t\t\t\t<\/div>\n\t\t\t\t<div class=\"elementor-element elementor-element-67a9f4d elementor-widget elementor-widget-qi_addons_for_elementor_separator\" data-id=\"67a9f4d\" data-element_type=\"widget\" data-widget_type=\"qi_addons_for_elementor_separator.default\">\n\t\t\t\t<div class=\"elementor-widget-container\">\n\t\t\t<div class=\"qodef-shortcode qodef-m  qodef-qi-separator qodef-qi-clear qodef-separator--standard \">\n\t<div class=\"qodef-m-line\"><\/div>\n<\/div>\n\t\t<\/div>\n\t\t\t\t<\/div>\n\t\t\t\t<div class=\"elementor-element elementor-element-9795a5f elementor-widget elementor-widget-qi_addons_for_elementor_section_title\" data-id=\"9795a5f\" data-element_type=\"widget\" data-widget_type=\"qi_addons_for_elementor_section_title.default\">\n\t\t\t\t<div class=\"elementor-widget-container\">\n\t\t\t<div class=\"qodef-shortcode qodef-m  qodef-qi-section-title  qodef-decoration--italic  qodef-link--underline-draw qodef-subtitle-icon--left\">\n\t\t\t\t\t\t<h2 class=\"qodef-m-title\">\n\t\tHist\u00f3rico de Movimenta\u00e7\u00f5es\t<\/h2>\n\t\t\t<div class=\"qodef-m-text\"><p>PORTARIA ANP N\u00b0 881\/2022. O TECAB, atendendo ao disposto no art. 23 da Resolu\u00e7\u00e3o ANP 881\/22, de 8 de julho de 2022, apresenta a seguir as informa\u00e7\u00f5es que nortear\u00e3o seu relacionamento com os carregadores, no Terminal de Cabedelo\/PB.<\/p><\/div>\n\t<\/div>\n\t\t<\/div>\n\t\t\t\t<\/div>\n\t\t\t\t<div class=\"elementor-element elementor-element-85d818f elementor-widget elementor-widget-html\" data-id=\"85d818f\" data-element_type=\"widget\" data-widget_type=\"html.default\">\n\t\t\t\t<div class=\"elementor-widget-container\">\n\t\t\t\r\n<style>\r\n.botao-download {\r\n  background-color: #4CAF50;\r\n  border: none;\r\n  color: white;\r\n  padding: 8px 10px;\r\n  text-align: center;\r\n  text-decoration: none;\r\n  display: inline-block;\r\n  font-size: 16px;\r\n  margin: 2px 2px;\r\n  cursor: pointer;\r\n}\r\n<\/style>\r\n\r\n<a href=\"https:\/\/docs.google.com\/spreadsheets\/d\/119rDrAyWfXNEp70WdmgvA7OMEbbNX1wZ\/edit?usp=sharing&ouid=117270492241327981311&rtpof=true&sd=true\" target=\"_blank\" download class=\"botao-download\"><button class=\"botao-download\">Hist\u00f3rico de movimenta\u00e7\u00e3o - Resolu\u00e7\u00e3o ANP 881 Artigo 26<\/button><\/a>\r\n\r\n\t\t<\/div>\n\t\t\t\t<\/div>\n\t\t\t\t<div class=\"elementor-element elementor-element-db053d0 elementor-widget elementor-widget-html\" data-id=\"db053d0\" data-element_type=\"widget\" data-widget_type=\"html.default\">\n\t\t\t\t<div class=\"elementor-widget-container\">\n\t\t\t\r\n<style>\r\n.botao-download {\r\n  background-color: #4CAF50;\r\n  border: none;\r\n  color: white;\r\n  padding: 8px 10px;\r\n  text-align: center;\r\n  text-decoration: none;\r\n  display: inline-block;\r\n  font-size: 16px;\r\n  margin: 2px 2px;\r\n  cursor: pointer;\r\n}\r\n<\/style>\r\n\r\n<a href=\"http:\/\/tecab.srv.br\/wp-content\/uploads\/2023\/12\/Historico-de-Movimentacoes-anterior-setembro-2022.xlsx\" download class=\"botao-download\"><button class=\"botao-download\">Atendimento a resolu\u00e7\u00e3o N\u00ba 251\/2000<\/button><\/a>\r\n\r\n\t\t<\/div>\n\t\t\t\t<\/div>\n\t\t\t\t<section class=\"elementor-section elementor-inner-section elementor-element elementor-element-347fec2 elementor-section-boxed elementor-section-height-default elementor-section-height-default qodef-elementor-content-no\" data-id=\"347fec2\" data-element_type=\"section\">\n\t\t\t\t\t\t<div class=\"elementor-container elementor-column-gap-default\">\n\t\t\t\t\t<div class=\"elementor-column elementor-col-50 elementor-inner-column elementor-element elementor-element-23e26b9\" data-id=\"23e26b9\" data-element_type=\"column\">\n\t\t\t<div class=\"elementor-widget-wrap\">\n\t\t\t\t\t\t\t\t\t<\/div>\n\t\t<\/div>\n\t\t\t\t<div class=\"elementor-column elementor-col-50 elementor-inner-column elementor-element elementor-element-74f2a18\" data-id=\"74f2a18\" data-element_type=\"column\">\n\t\t\t<div class=\"elementor-widget-wrap\">\n\t\t\t\t\t\t\t\t\t<\/div>\n\t\t<\/div>\n\t\t\t\t\t\t\t<\/div>\n\t\t<\/section>\n\t\t\t\t\t<\/div>\n\t\t<\/div>\n\t\t\t\t\t\t\t<\/div>\n\t\t<\/section>\n\t\t\t\t<section class=\"elementor-section elementor-top-section elementor-element elementor-element-e670e5b elementor-section-boxed elementor-section-height-default elementor-section-height-default qodef-elementor-content-no\" data-id=\"e670e5b\" data-element_type=\"section\">\n\t\t\t\t\t\t<div class=\"elementor-container elementor-column-gap-default\">\n\t\t\t\t\t<div class=\"elementor-column elementor-col-100 elementor-top-column elementor-element elementor-element-392f896\" data-id=\"392f896\" data-element_type=\"column\">\n\t\t\t<div class=\"elementor-widget-wrap elementor-element-populated\">\n\t\t\t\t\t\t\t\t<div class=\"elementor-element elementor-element-03eb1a5 elementor-widget-divider--view-line elementor-widget elementor-widget-divider\" data-id=\"03eb1a5\" data-element_type=\"widget\" data-widget_type=\"divider.default\">\n\t\t\t\t<div class=\"elementor-widget-container\">\n\t\t\t<style>\/*! elementor - v3.13.2 - 11-05-2023 *\/\n.elementor-widget-divider{--divider-border-style:none;--divider-border-width:1px;--divider-color:#0c0d0e;--divider-icon-size:20px;--divider-element-spacing:10px;--divider-pattern-height:24px;--divider-pattern-size:20px;--divider-pattern-url:none;--divider-pattern-repeat:repeat-x}.elementor-widget-divider .elementor-divider{display:flex}.elementor-widget-divider .elementor-divider__text{font-size:15px;line-height:1;max-width:95%}.elementor-widget-divider .elementor-divider__element{margin:0 var(--divider-element-spacing);flex-shrink:0}.elementor-widget-divider .elementor-icon{font-size:var(--divider-icon-size)}.elementor-widget-divider .elementor-divider-separator{display:flex;margin:0;direction:ltr}.elementor-widget-divider--view-line_icon .elementor-divider-separator,.elementor-widget-divider--view-line_text .elementor-divider-separator{align-items:center}.elementor-widget-divider--view-line_icon .elementor-divider-separator:after,.elementor-widget-divider--view-line_icon .elementor-divider-separator:before,.elementor-widget-divider--view-line_text .elementor-divider-separator:after,.elementor-widget-divider--view-line_text .elementor-divider-separator:before{display:block;content:\"\";border-bottom:0;flex-grow:1;border-top:var(--divider-border-width) var(--divider-border-style) var(--divider-color)}.elementor-widget-divider--element-align-left .elementor-divider .elementor-divider-separator>.elementor-divider__svg:first-of-type{flex-grow:0;flex-shrink:100}.elementor-widget-divider--element-align-left .elementor-divider-separator:before{content:none}.elementor-widget-divider--element-align-left .elementor-divider__element{margin-left:0}.elementor-widget-divider--element-align-right .elementor-divider .elementor-divider-separator>.elementor-divider__svg:last-of-type{flex-grow:0;flex-shrink:100}.elementor-widget-divider--element-align-right .elementor-divider-separator:after{content:none}.elementor-widget-divider--element-align-right .elementor-divider__element{margin-right:0}.elementor-widget-divider:not(.elementor-widget-divider--view-line_text):not(.elementor-widget-divider--view-line_icon) .elementor-divider-separator{border-top:var(--divider-border-width) var(--divider-border-style) var(--divider-color)}.elementor-widget-divider--separator-type-pattern{--divider-border-style:none}.elementor-widget-divider--separator-type-pattern.elementor-widget-divider--view-line .elementor-divider-separator,.elementor-widget-divider--separator-type-pattern:not(.elementor-widget-divider--view-line) .elementor-divider-separator:after,.elementor-widget-divider--separator-type-pattern:not(.elementor-widget-divider--view-line) .elementor-divider-separator:before,.elementor-widget-divider--separator-type-pattern:not([class*=elementor-widget-divider--view]) .elementor-divider-separator{width:100%;min-height:var(--divider-pattern-height);-webkit-mask-size:var(--divider-pattern-size) 100%;mask-size:var(--divider-pattern-size) 100%;-webkit-mask-repeat:var(--divider-pattern-repeat);mask-repeat:var(--divider-pattern-repeat);background-color:var(--divider-color);-webkit-mask-image:var(--divider-pattern-url);mask-image:var(--divider-pattern-url)}.elementor-widget-divider--no-spacing{--divider-pattern-size:auto}.elementor-widget-divider--bg-round{--divider-pattern-repeat:round}.rtl .elementor-widget-divider .elementor-divider__text{direction:rtl}.e-con-inner>.elementor-widget-divider,.e-con>.elementor-widget-divider{width:var(--container-widget-width,100%);--flex-grow:var(--container-widget-flex-grow)}<\/style>\t\t<div class=\"elementor-divider\">\n\t\t\t<span class=\"elementor-divider-separator\">\n\t\t\t\t\t\t<\/span>\n\t\t<\/div>\n\t\t\t\t<\/div>\n\t\t\t\t<\/div>\n\t\t\t\t\t<\/div>\n\t\t<\/div>\n\t\t\t\t\t\t\t<\/div>\n\t\t<\/section>\n\t\t\t\t\t\t\t<\/div>\n\t\t","protected":false},"excerpt":{"rendered":"<p>Condi\u00e7\u00f5es Gerais de Servi\u00e7o do Terminal Remunera\u00e7\u00e3o de Refer\u00eancia Capacidade M\u00e1xima de Movimenta\u00e7\u00e3o Documentos F.GC.08 (Solicita\u00e7\u00e3o de Servi\u00e7o) BLO F.GC.09 (Negativa de Acesso) BLO\u200e \u200e \u200e \u200e Hist\u00f3rico de Movimenta\u00e7\u00f5es PORTARIA ANP N\u00b0 881\/2022. O TECAB, atendendo ao disposto no art. 23 da Resolu\u00e7\u00e3o ANP 881\/22, de 8 de julho de 2022, apresenta a seguir [&hellip;]<\/p>\n","protected":false},"author":3,"featured_media":0,"parent":0,"menu_order":0,"comment_status":"closed","ping_status":"closed","template":"","meta":[],"_links":{"self":[{"href":"https:\/\/tecab.srv.br\/index.php?rest_route=\/wp\/v2\/pages\/5331"}],"collection":[{"href":"https:\/\/tecab.srv.br\/index.php?rest_route=\/wp\/v2\/pages"}],"about":[{"href":"https:\/\/tecab.srv.br\/index.php?rest_route=\/wp\/v2\/types\/page"}],"author":[{"embeddable":true,"href":"https:\/\/tecab.srv.br\/index.php?rest_route=\/wp\/v2\/users\/3"}],"replies":[{"embeddable":true,"href":"https:\/\/tecab.srv.br\/index.php?rest_route=%2Fwp%2Fv2%2Fcomments&post=5331"}],"version-history":[{"count":317,"href":"https:\/\/tecab.srv.br\/index.php?rest_route=\/wp\/v2\/pages\/5331\/revisions"}],"predecessor-version":[{"id":7321,"href":"https:\/\/tecab.srv.br\/index.php?rest_route=\/wp\/v2\/pages\/5331\/revisions\/7321"}],"wp:attachment":[{"href":"https:\/\/tecab.srv.br\/index.php?rest_route=%2Fwp%2Fv2%2Fmedia&parent=5331"}],"curies":[{"name":"wp","href":"https:\/\/api.w.org\/{rel}","templated":true}]}}