{"id":6946,"date":"2025-07-28T14:47:45","date_gmt":"2025-07-28T17:47:45","guid":{"rendered":"https:\/\/tecab.srv.br\/?page_id=6946"},"modified":"2025-07-29T10:37:14","modified_gmt":"2025-07-29T13:37:14","slug":"area-do-colaborador","status":"publish","type":"page","link":"https:\/\/tecab.srv.br\/?page_id=6946","title":{"rendered":"\u00c1rea do Colaborador"},"content":{"rendered":"<p>Voc\u00ea precisa estar logado para acessar esta \u00e1rea.<\/p>\r\n<p><a href=\"https:\/\/tecab.srv.br\/?page_id=6953\">Login<\/a><\/p>\r\n<p><a href=\"https:\/\/tecab.srv.br\/?page_id=6954\">Cadastrar-se.<\/a><\/p>","protected":false},"excerpt":{"rendered":"","protected":false},"author":1,"featured_media":0,"parent":0,"menu_order":0,"comment_status":"closed","ping_status":"closed","template":"","meta":[],"_links":{"self":[{"href":"https:\/\/tecab.srv.br\/index.php?rest_route=\/wp\/v2\/pages\/6946"}],"collection":[{"href":"https:\/\/tecab.srv.br\/index.php?rest_route=\/wp\/v2\/pages"}],"about":[{"href":"https:\/\/tecab.srv.br\/index.php?rest_route=\/wp\/v2\/types\/page"}],"author":[{"embeddable":true,"href":"https:\/\/tecab.srv.br\/index.php?rest_route=\/wp\/v2\/users\/1"}],"replies":[{"embeddable":true,"href":"https:\/\/tecab.srv.br\/index.php?rest_route=%2Fwp%2Fv2%2Fcomments&post=6946"}],"version-history":[{"count":13,"href":"https:\/\/tecab.srv.br\/index.php?rest_route=\/wp\/v2\/pages\/6946\/revisions"}],"predecessor-version":[{"id":6978,"href":"https:\/\/tecab.srv.br\/index.php?rest_route=\/wp\/v2\/pages\/6946\/revisions\/6978"}],"wp:attachment":[{"href":"https:\/\/tecab.srv.br\/index.php?rest_route=%2Fwp%2Fv2%2Fmedia&parent=6946"}],"curies":[{"name":"wp","href":"https:\/\/api.w.org\/{rel}","templated":true}]}}